{"id":2529,"date":"2023-12-03T07:15:23","date_gmt":"2023-12-03T07:15:23","guid":{"rendered":"https:\/\/www.autorentalsrhodes.com\/?page_id=2529"},"modified":"2024-02-04T21:10:12","modified_gmt":"2024-02-04T21:10:12","slug":"autovermietung-rhodos-flughafen","status":"publish","type":"page","link":"https:\/\/www.autorentalsrhodes.com\/de\/autovermietung-rhodos-flughafen\/","title":{"rendered":"Flughafen"},"content":{"rendered":"\t\t<div data-elementor-type=\"wp-page\" data-elementor-id=\"2529\" class=\"elementor elementor-2529 elementor-2482\" data-elementor-post-type=\"page\">\n\t\t\t\t\t\t<section class=\"elementor-section elementor-top-section elementor-element elementor-element-4744140 elementor-section-boxed elementor-section-height-default elementor-section-height-default\" data-id=\"4744140\" data-element_type=\"section\" data-e-type=\"section\">\n\t\t\t\t\t\t<div class=\"elementor-container elementor-column-gap-default\">\n\t\t\t\t\t<div class=\"elementor-column elementor-col-100 elementor-top-column elementor-element elementor-element-cba1766\" data-id=\"cba1766\" data-element_type=\"column\" data-e-type=\"column\">\n\t\t\t<div class=\"elementor-widget-wrap elementor-element-populated\">\n\t\t\t\t\t\t<div class=\"elementor-element elementor-element-3760778 elementor-widget elementor-widget-heading\" data-id=\"3760778\" data-element_type=\"widget\" data-e-type=\"widget\" data-widget_type=\"heading.default\">\n\t\t\t\t<div class=\"elementor-widget-container\">\n\t\t\t\t\t<h1 class=\"elementor-heading-title elementor-size-default\">Autovermietung <\/h1>\t\t\t\t<\/div>\n\t\t\t\t<\/div>\n\t\t\t\t\t<\/div>\n\t\t<\/div>\n\t\t\t\t\t<\/div>\n\t\t<\/section>\n\t\t\t\t<section class=\"elementor-section elementor-top-section elementor-element elementor-element-65b803f elementor-section-height-min-height elementor-section-boxed elementor-section-height-default elementor-section-items-middle\" data-id=\"65b803f\" data-element_type=\"section\" data-e-type=\"section\">\n\t\t\t\t\t\t<div class=\"elementor-container elementor-column-gap-default\">\n\t\t\t\t\t<div class=\"elementor-column elementor-col-100 elementor-top-column elementor-element elementor-element-17d33b9\" data-id=\"17d33b9\" data-element_type=\"column\" data-e-type=\"column\">\n\t\t\t<div class=\"elementor-widget-wrap elementor-element-populated\">\n\t\t\t\t\t\t<div class=\"elementor-element elementor-element-b330013 elementor-widget elementor-widget-image\" data-id=\"b330013\" data-element_type=\"widget\" data-e-type=\"widget\" data-widget_type=\"image.default\">\n\t\t\t\t<div class=\"elementor-widget-container\">\n\t\t\t\t\t\t\t\t\t\t\t\t\t\t\t<img fetchpriority=\"high\" decoding=\"async\" width=\"1024\" height=\"547\" src=\"https:\/\/www.autorentalsrhodes.com\/wp-content\/uploads\/2023\/05\/rent-a-car-airport-rodos-e1703341103972.jpg\" class=\"attachment-full size-full wp-image-747\" alt=\"Flughafen Rhodos Autovermietung Autorentalsrhodes.com\" srcset=\"https:\/\/www.autorentalsrhodes.com\/wp-content\/uploads\/2023\/05\/rent-a-car-airport-rodos-e1703341103972.jpg 1024w, https:\/\/www.autorentalsrhodes.com\/wp-content\/uploads\/2023\/05\/rent-a-car-airport-rodos-e1703341103972-300x160.jpg 300w, https:\/\/www.autorentalsrhodes.com\/wp-content\/uploads\/2023\/05\/rent-a-car-airport-rodos-e1703341103972-768x410.jpg 768w\" sizes=\"(max-width: 1024px) 100vw, 1024px\" \/>\t\t\t\t\t\t\t\t\t\t\t\t\t\t\t<\/div>\n\t\t\t\t<\/div>\n\t\t\t\t<div class=\"elementor-element elementor-element-9915c25 elementor-widget elementor-widget-heading\" data-id=\"9915c25\" data-element_type=\"widget\" data-e-type=\"widget\" data-widget_type=\"heading.default\">\n\t\t\t\t<div class=\"elementor-widget-container\">\n\t\t\t\t\t<h2 class=\"elementor-heading-title elementor-size-default\">Autovermietung Rhodos Flughafen<\/h2>\t\t\t\t<\/div>\n\t\t\t\t<\/div>\n\t\t\t\t\t<\/div>\n\t\t<\/div>\n\t\t\t\t\t<\/div>\n\t\t<\/section>\n\t\t\t\t<section class=\"elementor-section elementor-top-section elementor-element elementor-element-dc845a6 elementor-section-boxed elementor-section-height-default elementor-section-height-default\" data-id=\"dc845a6\" data-element_type=\"section\" data-e-type=\"section\">\n\t\t\t\t\t\t<div class=\"elementor-container elementor-column-gap-default\">\n\t\t\t\t\t<div class=\"elementor-column elementor-col-100 elementor-top-column elementor-element elementor-element-1cfe6f78\" data-id=\"1cfe6f78\" data-element_type=\"column\" data-e-type=\"column\">\n\t\t\t<div class=\"elementor-widget-wrap elementor-element-populated\">\n\t\t\t\t\t\t<section class=\"elementor-section elementor-inner-section elementor-element elementor-element-59497d8 elementor-section-boxed elementor-section-height-default elementor-section-height-default\" data-id=\"59497d8\" data-element_type=\"section\" data-e-type=\"section\">\n\t\t\t\t\t\t<div class=\"elementor-container elementor-column-gap-default\">\n\t\t\t\t\t<div class=\"elementor-column elementor-col-50 elementor-inner-column elementor-element elementor-element-05fe64f\" data-id=\"05fe64f\" data-element_type=\"column\" data-e-type=\"column\">\n\t\t\t<div class=\"elementor-widget-wrap elementor-element-populated\">\n\t\t\t\t\t\t<div class=\"elementor-element elementor-element-e458374 elementor-widget elementor-widget-text-editor\" data-id=\"e458374\" data-element_type=\"widget\" data-e-type=\"widget\" data-widget_type=\"text-editor.default\">\n\t\t\t\t<div class=\"elementor-widget-container\">\n\t\t\t\t\t\t\t\t\t<p>Suchen Sie eine <strong>Autovermietung am Flughafen Rhodos<\/strong> mit niedrigen Preise und ohne Kreditkarte notwendig? Bei Auto Rentals sind Sie genau richtig.<\/p><p>Bei Ihrer Ankunft am internationalen Flughafen Rhodos freuen wir uns, Ihnen unseren besten Mietwagenservice am Flughafen Rhodos anbieten zu k\u00f6nnen. Unser Vertreter erwartet Sie am Ankunftsgate mit einem Schild mit Ihrem Namen.<\/p><p>Anschlie\u00dfend werden Sie zum zentralen Parkplatz (Fastcarpark) begleitet, der sich etwa 30 Meter von der Ankunftshalle entfernt befindet, um Ihren Mietwagen abzuholen. Wenn Sie das Auto zur\u00fcckgeben, stellen Sie es bitte auf demselben Parkplatz ab und \u00fcbergeben Sie die Schl\u00fcssel dem Parkb\u00fcropersonal.<\/p>\t\t\t\t\t\t\t\t<\/div>\n\t\t\t\t<\/div>\n\t\t\t\t\t<\/div>\n\t\t<\/div>\n\t\t\t\t<div class=\"elementor-column elementor-col-50 elementor-inner-column elementor-element elementor-element-ff52c2c\" data-id=\"ff52c2c\" data-element_type=\"column\" data-e-type=\"column\">\n\t\t\t<div class=\"elementor-widget-wrap elementor-element-populated\">\n\t\t\t\t\t\t<div class=\"elementor-element elementor-element-11b7879 elementor-widget elementor-widget-image\" data-id=\"11b7879\" data-element_type=\"widget\" data-e-type=\"widget\" data-widget_type=\"image.default\">\n\t\t\t\t<div class=\"elementor-widget-container\">\n\t\t\t\t\t\t\t\t\t\t\t\t\t\t\t<img decoding=\"async\" width=\"768\" height=\"578\" src=\"https:\/\/www.autorentalsrhodes.com\/wp-content\/uploads\/2023\/12\/airport-parking-and-parking-office-view-768x578.jpg\" class=\"attachment-medium_large size-medium_large wp-image-2544\" alt=\"Airport Parking Rhodes\" srcset=\"https:\/\/www.autorentalsrhodes.com\/wp-content\/uploads\/2023\/12\/airport-parking-and-parking-office-view-768x578.jpg 768w, https:\/\/www.autorentalsrhodes.com\/wp-content\/uploads\/2023\/12\/airport-parking-and-parking-office-view-300x226.jpg 300w, https:\/\/www.autorentalsrhodes.com\/wp-content\/uploads\/2023\/12\/airport-parking-and-parking-office-view.jpg 826w\" sizes=\"(max-width: 768px) 100vw, 768px\" \/>\t\t\t\t\t\t\t\t\t\t\t\t\t\t\t<\/div>\n\t\t\t\t<\/div>\n\t\t\t\t\t<\/div>\n\t\t<\/div>\n\t\t\t\t\t<\/div>\n\t\t<\/section>\n\t\t\t\t<div class=\"elementor-element elementor-element-6284124 elementor-widget elementor-widget-spacer\" data-id=\"6284124\" data-element_type=\"widget\" data-e-type=\"widget\" data-widget_type=\"spacer.default\">\n\t\t\t\t<div class=\"elementor-widget-container\">\n\t\t\t\t\t\t\t<div class=\"elementor-spacer\">\n\t\t\t<div class=\"elementor-spacer-inner\"><\/div>\n\t\t<\/div>\n\t\t\t\t\t\t<\/div>\n\t\t\t\t<\/div>\n\t\t\t\t\t<\/div>\n\t\t<\/div>\n\t\t\t\t\t<\/div>\n\t\t<\/section>\n\t\t\t\t<\/div>\n\t\t","protected":false},"excerpt":{"rendered":"<p>Autovermietung Autovermietung Rhodos Flughafen Suchen Sie eine Autovermietung am Flughafen Rhodos mit niedrigen Preise und ohne Kreditkarte notwendig? Bei Auto Rentals sind Sie genau richtig. Bei Ihrer Ankunft am internationalen Flughafen Rhodos freuen wir uns, Ihnen unseren besten Mietwagenservice am Flughafen Rhodos anbieten zu k\u00f6nnen. Unser Vertreter erwartet Sie am Ankunftsgate mit einem Schild mit [&hellip;]<\/p>\n","protected":false},"author":2,"featured_media":0,"parent":0,"menu_order":0,"comment_status":"closed","ping_status":"closed","template":"","meta":{"_seopress_robots_primary_cat":"","_seopress_titles_title":"","_seopress_titles_desc":"","_seopress_robots_index":"","_uf_show_specific_survey":0,"_uf_disable_surveys":false,"footnotes":""},"class_list":["post-2529","page","type-page","status-publish","hentry"],"yoast_head":"<!-- This site is optimized with the Yoast SEO plugin v27.5 - https:\/\/yoast.com\/product\/yoast-seo-wordpress\/ -->\n<title>Autovermietung Rhodos Flughafen | Mietwagen Rhodos Flughafen<\/title>\n<meta name=\"description\" content=\"Mieten sie ein Auto g\u00fcnstig bei Auto Rentals Autovermietung Rhodos Flughafen mit Vollkaskoversicherung und ohne Kredit karte\" \/>\n<meta name=\"robots\" content=\"index, follow, max-snippet:-1, max-image-preview:large, max-video-preview:-1\" \/>\n<link rel=\"canonical\" href=\"https:\/\/www.autorentalsrhodes.com\/car-rental-rhodes-airport\/\" \/>\n<meta property=\"og:locale\" content=\"de_DE\" \/>\n<meta property=\"og:type\" content=\"article\" \/>\n<meta property=\"og:title\" content=\"Autovermietung Rhodos Flughafen | Mietwagen Rhodos Flughafen\" \/>\n<meta property=\"og:description\" content=\"Mieten sie ein Auto g\u00fcnstig bei Auto Rentals Autovermietung Rhodos Flughafen mit Vollkaskoversicherung und ohne Kredit karte\" \/>\n<meta property=\"og:url\" content=\"https:\/\/www.autorentalsrhodes.com\/car-rental-rhodes-airport\/\" \/>\n<meta property=\"og:site_name\" content=\"Autorentals Rhodes rent a car\" \/>\n<meta property=\"article:modified_time\" content=\"2024-02-04T21:10:12+00:00\" \/>\n<meta property=\"og:image\" content=\"https:\/\/www.autorentalsrhodes.com\/wp-content\/uploads\/2023\/05\/rent-a-car-airport-rodos-e1703341103972.jpg\" \/>\n<meta name=\"twitter:card\" content=\"summary_large_image\" \/>\n<meta name=\"twitter:label1\" content=\"Gesch\u00e4tzte Lesezeit\" \/>\n\t<meta name=\"twitter:data1\" content=\"1\u00a0Minute\" \/>\n<script type=\"application\/ld+json\" class=\"yoast-schema-graph\">{\"@context\":\"https:\\\/\\\/schema.org\",\"@graph\":[{\"@type\":\"WebPage\",\"@id\":\"https:\\\/\\\/www.autorentalsrhodes.com\\\/car-rental-rhodes-airport\\\/\",\"url\":\"https:\\\/\\\/www.autorentalsrhodes.com\\\/car-rental-rhodes-airport\\\/\",\"name\":\"Autovermietung Rhodos Flughafen | Mietwagen Rhodos Flughafen\",\"isPartOf\":{\"@id\":\"https:\\\/\\\/www.autorentalsrhodes.com\\\/#website\"},\"primaryImageOfPage\":{\"@id\":\"https:\\\/\\\/www.autorentalsrhodes.com\\\/car-rental-rhodes-airport\\\/#primaryimage\"},\"image\":{\"@id\":\"https:\\\/\\\/www.autorentalsrhodes.com\\\/car-rental-rhodes-airport\\\/#primaryimage\"},\"thumbnailUrl\":\"https:\\\/\\\/www.autorentalsrhodes.com\\\/wp-content\\\/uploads\\\/2023\\\/05\\\/rent-a-car-airport-rodos-e1703341103972.jpg\",\"datePublished\":\"2023-12-03T07:15:23+00:00\",\"dateModified\":\"2024-02-04T21:10:12+00:00\",\"description\":\"Mieten sie ein Auto g\u00fcnstig bei Auto Rentals Autovermietung Rhodos Flughafen mit Vollkaskoversicherung und ohne Kredit karte\",\"breadcrumb\":{\"@id\":\"https:\\\/\\\/www.autorentalsrhodes.com\\\/car-rental-rhodes-airport\\\/#breadcrumb\"},\"inLanguage\":\"de\",\"potentialAction\":[{\"@type\":\"ReadAction\",\"target\":[\"https:\\\/\\\/www.autorentalsrhodes.com\\\/car-rental-rhodes-airport\\\/\"]}]},{\"@type\":\"ImageObject\",\"inLanguage\":\"de\",\"@id\":\"https:\\\/\\\/www.autorentalsrhodes.com\\\/car-rental-rhodes-airport\\\/#primaryimage\",\"url\":\"https:\\\/\\\/www.autorentalsrhodes.com\\\/wp-content\\\/uploads\\\/2023\\\/05\\\/rent-a-car-airport-rodos-e1703341103972.jpg\",\"contentUrl\":\"https:\\\/\\\/www.autorentalsrhodes.com\\\/wp-content\\\/uploads\\\/2023\\\/05\\\/rent-a-car-airport-rodos-e1703341103972.jpg\"},{\"@type\":\"BreadcrumbList\",\"@id\":\"https:\\\/\\\/www.autorentalsrhodes.com\\\/car-rental-rhodes-airport\\\/#breadcrumb\",\"itemListElement\":[{\"@type\":\"ListItem\",\"position\":1,\"name\":\"Home\",\"item\":\"https:\\\/\\\/www.autorentalsrhodes.com\\\/de\\\/\"},{\"@type\":\"ListItem\",\"position\":2,\"name\":\"Flughafen\"}]},{\"@type\":\"WebSite\",\"@id\":\"https:\\\/\\\/www.autorentalsrhodes.com\\\/#website\",\"url\":\"https:\\\/\\\/www.autorentalsrhodes.com\\\/\",\"name\":\"Autorentals Rhodes rent a car\",\"description\":\"Autorentals Rhodes is a car rental service located in Rhodes, Greece.\",\"publisher\":{\"@id\":\"https:\\\/\\\/www.autorentalsrhodes.com\\\/#organization\"},\"potentialAction\":[{\"@type\":\"SearchAction\",\"target\":{\"@type\":\"EntryPoint\",\"urlTemplate\":\"https:\\\/\\\/www.autorentalsrhodes.com\\\/?s={search_term_string}\"},\"query-input\":{\"@type\":\"PropertyValueSpecification\",\"valueRequired\":true,\"valueName\":\"search_term_string\"}}],\"inLanguage\":\"de\"},{\"@type\":\"Organization\",\"@id\":\"https:\\\/\\\/www.autorentalsrhodes.com\\\/#organization\",\"name\":\"Autorentals Rhodes rent a car\",\"url\":\"https:\\\/\\\/www.autorentalsrhodes.com\\\/\",\"logo\":{\"@type\":\"ImageObject\",\"inLanguage\":\"de\",\"@id\":\"https:\\\/\\\/www.autorentalsrhodes.com\\\/#\\\/schema\\\/logo\\\/image\\\/\",\"url\":\"https:\\\/\\\/www.autorentalsrhodes.com\\\/wp-content\\\/uploads\\\/2023\\\/05\\\/logo.png\",\"contentUrl\":\"https:\\\/\\\/www.autorentalsrhodes.com\\\/wp-content\\\/uploads\\\/2023\\\/05\\\/logo.png\",\"width\":300,\"height\":94,\"caption\":\"Autorentals Rhodes rent a car\"},\"image\":{\"@id\":\"https:\\\/\\\/www.autorentalsrhodes.com\\\/#\\\/schema\\\/logo\\\/image\\\/\"}}]}<\/script>\n<!-- \/ Yoast SEO plugin. -->","yoast_head_json":{"title":"Autovermietung Rhodos Flughafen | Mietwagen Rhodos Flughafen","description":"Mieten sie ein Auto g\u00fcnstig bei Auto Rentals Autovermietung Rhodos Flughafen mit Vollkaskoversicherung und ohne Kredit karte","robots":{"index":"index","follow":"follow","max-snippet":"max-snippet:-1","max-image-preview":"max-image-preview:large","max-video-preview":"max-video-preview:-1"},"canonical":"https:\/\/www.autorentalsrhodes.com\/car-rental-rhodes-airport\/","og_locale":"de_DE","og_type":"article","og_title":"Autovermietung Rhodos Flughafen | Mietwagen Rhodos Flughafen","og_description":"Mieten sie ein Auto g\u00fcnstig bei Auto Rentals Autovermietung Rhodos Flughafen mit Vollkaskoversicherung und ohne Kredit karte","og_url":"https:\/\/www.autorentalsrhodes.com\/car-rental-rhodes-airport\/","og_site_name":"Autorentals Rhodes rent a car","article_modified_time":"2024-02-04T21:10:12+00:00","og_image":[{"url":"https:\/\/www.autorentalsrhodes.com\/wp-content\/uploads\/2023\/05\/rent-a-car-airport-rodos-e1703341103972.jpg","type":"","width":"","height":""}],"twitter_card":"summary_large_image","twitter_misc":{"Gesch\u00e4tzte Lesezeit":"1\u00a0Minute"},"schema":{"@context":"https:\/\/schema.org","@graph":[{"@type":"WebPage","@id":"https:\/\/www.autorentalsrhodes.com\/car-rental-rhodes-airport\/","url":"https:\/\/www.autorentalsrhodes.com\/car-rental-rhodes-airport\/","name":"Autovermietung Rhodos Flughafen | Mietwagen Rhodos Flughafen","isPartOf":{"@id":"https:\/\/www.autorentalsrhodes.com\/#website"},"primaryImageOfPage":{"@id":"https:\/\/www.autorentalsrhodes.com\/car-rental-rhodes-airport\/#primaryimage"},"image":{"@id":"https:\/\/www.autorentalsrhodes.com\/car-rental-rhodes-airport\/#primaryimage"},"thumbnailUrl":"https:\/\/www.autorentalsrhodes.com\/wp-content\/uploads\/2023\/05\/rent-a-car-airport-rodos-e1703341103972.jpg","datePublished":"2023-12-03T07:15:23+00:00","dateModified":"2024-02-04T21:10:12+00:00","description":"Mieten sie ein Auto g\u00fcnstig bei Auto Rentals Autovermietung Rhodos Flughafen mit Vollkaskoversicherung und ohne Kredit karte","breadcrumb":{"@id":"https:\/\/www.autorentalsrhodes.com\/car-rental-rhodes-airport\/#breadcrumb"},"inLanguage":"de","potentialAction":[{"@type":"ReadAction","target":["https:\/\/www.autorentalsrhodes.com\/car-rental-rhodes-airport\/"]}]},{"@type":"ImageObject","inLanguage":"de","@id":"https:\/\/www.autorentalsrhodes.com\/car-rental-rhodes-airport\/#primaryimage","url":"https:\/\/www.autorentalsrhodes.com\/wp-content\/uploads\/2023\/05\/rent-a-car-airport-rodos-e1703341103972.jpg","contentUrl":"https:\/\/www.autorentalsrhodes.com\/wp-content\/uploads\/2023\/05\/rent-a-car-airport-rodos-e1703341103972.jpg"},{"@type":"BreadcrumbList","@id":"https:\/\/www.autorentalsrhodes.com\/car-rental-rhodes-airport\/#breadcrumb","itemListElement":[{"@type":"ListItem","position":1,"name":"Home","item":"https:\/\/www.autorentalsrhodes.com\/de\/"},{"@type":"ListItem","position":2,"name":"Flughafen"}]},{"@type":"WebSite","@id":"https:\/\/www.autorentalsrhodes.com\/#website","url":"https:\/\/www.autorentalsrhodes.com\/","name":"Autorentals Rhodes rent a car","description":"Autorentals Rhodes is a car rental service located in Rhodes, Greece.","publisher":{"@id":"https:\/\/www.autorentalsrhodes.com\/#organization"},"potentialAction":[{"@type":"SearchAction","target":{"@type":"EntryPoint","urlTemplate":"https:\/\/www.autorentalsrhodes.com\/?s={search_term_string}"},"query-input":{"@type":"PropertyValueSpecification","valueRequired":true,"valueName":"search_term_string"}}],"inLanguage":"de"},{"@type":"Organization","@id":"https:\/\/www.autorentalsrhodes.com\/#organization","name":"Autorentals Rhodes rent a car","url":"https:\/\/www.autorentalsrhodes.com\/","logo":{"@type":"ImageObject","inLanguage":"de","@id":"https:\/\/www.autorentalsrhodes.com\/#\/schema\/logo\/image\/","url":"https:\/\/www.autorentalsrhodes.com\/wp-content\/uploads\/2023\/05\/logo.png","contentUrl":"https:\/\/www.autorentalsrhodes.com\/wp-content\/uploads\/2023\/05\/logo.png","width":300,"height":94,"caption":"Autorentals Rhodes rent a car"},"image":{"@id":"https:\/\/www.autorentalsrhodes.com\/#\/schema\/logo\/image\/"}}]}},"_links":{"self":[{"href":"https:\/\/www.autorentalsrhodes.com\/de\/wp-json\/wp\/v2\/pages\/2529","targetHints":{"allow":["GET"]}}],"collection":[{"href":"https:\/\/www.autorentalsrhodes.com\/de\/wp-json\/wp\/v2\/pages"}],"about":[{"href":"https:\/\/www.autorentalsrhodes.com\/de\/wp-json\/wp\/v2\/types\/page"}],"author":[{"embeddable":true,"href":"https:\/\/www.autorentalsrhodes.com\/de\/wp-json\/wp\/v2\/users\/2"}],"replies":[{"embeddable":true,"href":"https:\/\/www.autorentalsrhodes.com\/de\/wp-json\/wp\/v2\/comments?post=2529"}],"version-history":[{"count":7,"href":"https:\/\/www.autorentalsrhodes.com\/de\/wp-json\/wp\/v2\/pages\/2529\/revisions"}],"predecessor-version":[{"id":4249,"href":"https:\/\/www.autorentalsrhodes.com\/de\/wp-json\/wp\/v2\/pages\/2529\/revisions\/4249"}],"wp:attachment":[{"href":"https:\/\/www.autorentalsrhodes.com\/de\/wp-json\/wp\/v2\/media?parent=2529"}],"curies":[{"name":"wp","href":"https:\/\/api.w.org\/{rel}","templated":true}]}}